{"id":16,"date":"2020-07-14T10:36:50","date_gmt":"2020-07-14T10:36:50","guid":{"rendered":"http:\/\/lessecretsdhygie.com\/index.php\/events\/"},"modified":"2022-12-05T22:16:31","modified_gmt":"2022-12-05T21:16:31","slug":"events","status":"publish","type":"page","link":"https:\/\/lessecretsdhygie.com\/index.php\/events\/","title":{"rendered":"Events"},"content":{"rendered":"\t\t<div data-elementor-type=\"wp-page\" data-elementor-id=\"16\" class=\"elementor elementor-16\">\n\t\t\t\t\t\t<section class=\"elementor-section elementor-top-section elementor-element elementor-element-37d2a4f elementor-section-height-min-height elementor-section-content-bottom elementor-section-items-bottom elementor-section-boxed elementor-section-height-default\" data-id=\"37d2a4f\" data-element_type=\"section\" data-settings=\"{&quot;background_background&quot;:&quot;classic&quot;}\">\n\t\t\t\t\t\t\t<div class=\"elementor-background-overlay\"><\/div>\n\t\t\t\t\t\t\t<div class=\"elementor-container elementor-column-gap-no\">\n\t\t\t\t\t<div class=\"elementor-column elementor-col-100 elementor-top-column elementor-element elementor-element-559220c\" data-id=\"559220c\" data-element_type=\"column\">\n\t\t\t<div class=\"elementor-widget-wrap elementor-element-populated\">\n\t\t\t\t\t\t<div class=\"elementor-element elementor-element-d1cb7b6 elementor-widget elementor-widget-heading\" data-id=\"d1cb7b6\" data-element_type=\"widget\" data-widget_type=\"heading.default\">\n\t\t\t\t\t<h6 class=\"elementor-heading-title elementor-size-default\">Profitez de nos<\/h6>\t\t\t\t<\/div>\n\t\t\t\t<div class=\"elementor-element elementor-element-78206bf elementor-widget elementor-widget-heading\" data-id=\"78206bf\" data-element_type=\"widget\" data-widget_type=\"heading.default\">\n\t\t\t\t\t<h1 class=\"elementor-heading-title elementor-size-default\">Avantages<\/h1>\t\t\t\t<\/div>\n\t\t\t\t<section class=\"elementor-section elementor-inner-section elementor-element elementor-element-f6ddfc2 elementor-section-boxed elementor-section-height-default elementor-section-height-default\" data-id=\"f6ddfc2\" data-element_type=\"section\">\n\t\t\t\t\t\t<div class=\"elementor-container elementor-column-gap-no\">\n\t\t\t\t\t<div class=\"elementor-column elementor-col-33 elementor-inner-column elementor-element elementor-element-ad63c50\" data-id=\"ad63c50\" data-element_type=\"column\">\n\t\t\t<div class=\"elementor-widget-wrap elementor-element-populated\">\n\t\t\t\t\t\t<div class=\"elementor-element elementor-element-8a4e2d3 elementor-widget-divider--view-line elementor-widget elementor-widget-divider\" data-id=\"8a4e2d3\" data-element_type=\"widget\" data-widget_type=\"divider.default\">\n\t\t\t\t\t\t\t<div class=\"elementor-divider\">\n\t\t\t<span class=\"elementor-divider-separator\">\n\t\t\t\t\t\t<\/span>\n\t\t<\/div>\n\t\t\t\t\t\t<\/div>\n\t\t\t\t<div class=\"elementor-element elementor-element-eb4e240 elementor-widget elementor-widget-heading\" data-id=\"eb4e240\" data-element_type=\"widget\" data-widget_type=\"heading.default\">\n\t\t\t\t\t<h5 class=\"elementor-heading-title elementor-size-default\"><a href=\"#\">Carte de fid\u00e9lit\u00e9<\/a><\/h5>\t\t\t\t<\/div>\n\t\t\t\t\t<\/div>\n\t\t<\/div>\n\t\t\t\t<div class=\"elementor-column elementor-col-33 elementor-inner-column elementor-element elementor-element-f9c611d\" data-id=\"f9c611d\" data-element_type=\"column\" data-settings=\"{&quot;background_background&quot;:&quot;classic&quot;}\">\n\t\t\t<div class=\"elementor-widget-wrap elementor-element-populated\">\n\t\t\t\t\t\t<div class=\"elementor-element elementor-element-10147a5 elementor-widget-divider--view-line elementor-widget elementor-widget-divider\" data-id=\"10147a5\" data-element_type=\"widget\" data-widget_type=\"divider.default\">\n\t\t\t\t\t\t\t<div class=\"elementor-divider\">\n\t\t\t<span class=\"elementor-divider-separator\">\n\t\t\t\t\t\t<\/span>\n\t\t<\/div>\n\t\t\t\t\t\t<\/div>\n\t\t\t\t<div class=\"elementor-element elementor-element-6fc243a elementor-widget elementor-widget-heading\" data-id=\"6fc243a\" data-element_type=\"widget\" data-widget_type=\"heading.default\">\n\t\t\t\t\t<h5 class=\"elementor-heading-title elementor-size-default\"><a href=\"#\">R\u00e9duction pour les \u00e9tudiants (- 30 ans)&nbsp;<\/a><\/h5>\t\t\t\t<\/div>\n\t\t\t\t\t<\/div>\n\t\t<\/div>\n\t\t\t\t<div class=\"elementor-column elementor-col-33 elementor-inner-column elementor-element elementor-element-91f627b\" data-id=\"91f627b\" data-element_type=\"column\">\n\t\t\t<div class=\"elementor-widget-wrap elementor-element-populated\">\n\t\t\t\t\t\t<div class=\"elementor-element elementor-element-db1e405 elementor-widget-divider--view-line elementor-widget elementor-widget-divider\" data-id=\"db1e405\" data-element_type=\"widget\" data-widget_type=\"divider.default\">\n\t\t\t\t\t\t\t<div class=\"elementor-divider\">\n\t\t\t<span class=\"elementor-divider-separator\">\n\t\t\t\t\t\t<\/span>\n\t\t<\/div>\n\t\t\t\t\t\t<\/div>\n\t\t\t\t<div class=\"elementor-element elementor-element-8f2f3ae elementor-widget elementor-widget-heading\" data-id=\"8f2f3ae\" data-element_type=\"widget\" data-widget_type=\"heading.default\">\n\t\t\t\t\t<h5 class=\"elementor-heading-title elementor-size-default\"><a href=\"#\">Bon Cadeaux<\/a><\/h5>\t\t\t\t<\/div>\n\t\t\t\t\t<\/div>\n\t\t<\/div>\n\t\t\t\t\t<\/div>\n\t\t<\/section>\n\t\t\t\t\t<\/div>\n\t\t<\/div>\n\t\t\t\t\t<\/div>\n\t\t<\/section>\n\t\t\t\t<\/div>\n\t\t","protected":false},"excerpt":{"rendered":"<p>Profitez de nos Avantages Carte de fid\u00e9lit\u00e9 R\u00e9duction pour les \u00e9tudiants (- 30 ans)&nbsp; Bon Cadeaux<\/p>\n","protected":false},"author":1,"featured_media":0,"parent":0,"menu_order":0,"comment_status":"closed","ping_status":"closed","template":"","meta":{"_uag_custom_page_level_css":"","site-sidebar-layout":"no-sidebar","site-content-layout":"page-builder","ast-site-content-layout":"","site-content-style":"default","site-sidebar-style":"default","ast-global-header-display":"","ast-banner-title-visibility":"","ast-main-header-display":"","ast-hfb-above-header-display":"","ast-hfb-below-header-display":"","ast-hfb-mobile-header-display":"","site-post-title":"disabled","ast-breadcrumbs-content":"disabled","ast-featured-img":"disabled","footer-sml-layout":"","theme-transparent-header-meta":"enabled","adv-header-id-meta":"","stick-header-meta":"","header-above-stick-meta":"","header-main-stick-meta":"","header-below-stick-meta":"","astra-migrate-meta-layouts":"default","ast-page-background-enabled":"default","ast-page-background-meta":{"desktop":{"background-color":"","background-image":"","background-repeat":"repeat","background-position":"center center","background-size":"auto","background-attachment":"scroll","background-type":"","background-media":"","overlay-type":"","overlay-color":"","overlay-opacity":"","overlay-gradient":""},"tablet":{"background-color":"","background-image":"","background-repeat":"repeat","background-position":"center center","background-size":"auto","background-attachment":"scroll","background-type":"","background-media":"","overlay-type":"","overlay-color":"","overlay-opacity":"","overlay-gradient":""},"mobile":{"background-color":"","background-image":"","background-repeat":"repeat","background-position":"center center","background-size":"auto","background-attachment":"scroll","background-type":"","background-media":"","overlay-type":"","overlay-color":"","overlay-opacity":"","overlay-gradient":""}},"ast-content-background-meta":{"desktop":{"background-color":"var(--ast-global-color-5)","background-image":"","background-repeat":"repeat","background-position":"center center","background-size":"auto","background-attachment":"scroll","background-type":"","background-media":"","overlay-type":"","overlay-color":"","overlay-opacity":"","overlay-gradient":""},"tablet":{"background-color":"var(--ast-global-color-5)","background-image":"","background-repeat":"repeat","background-position":"center center","background-size":"auto","background-attachment":"scroll","background-type":"","background-media":"","overlay-type":"","overlay-color":"","overlay-opacity":"","overlay-gradient":""},"mobile":{"background-color":"var(--ast-global-color-5)","background-image":"","background-repeat":"repeat","background-position":"center center","background-size":"auto","background-attachment":"scroll","background-type":"","background-media":"","overlay-type":"","overlay-color":"","overlay-opacity":"","overlay-gradient":""}},"footnotes":""},"class_list":["post-16","page","type-page","status-publish","hentry"],"yoast_head":"<!-- This site is optimized with the Yoast SEO plugin v27.4 - https:\/\/yoast.com\/product\/yoast-seo-wordpress\/ -->\n<title>Les secrets d Hygie - Page d&#039;event<\/title>\n<meta name=\"description\" content=\"Les secret d&#039;Hygie - Massages Brabant Wallon - Bruxelles - Mes prestations sont exclusivement r\u00e9serv\u00e9es \u00e0 la pratique professionnelle et dans le cadre de la massoth\u00e9rapie.\" \/>\n<meta name=\"robots\" content=\"index, follow, max-snippet:-1, max-image-preview:large, max-video-preview:-1\" \/>\n<link rel=\"canonical\" href=\"https:\/\/lessecretsdhygie.com\/index.php\/events\/\" \/>\n<meta property=\"og:locale\" content=\"fr_FR\" \/>\n<meta property=\"og:type\" content=\"article\" \/>\n<meta property=\"og:title\" content=\"Les secrets d Hygie - Page d&#039;event\" \/>\n<meta property=\"og:description\" content=\"Les secret d&#039;Hygie - Massages Brabant Wallon - Bruxelles - Mes prestations sont exclusivement r\u00e9serv\u00e9es \u00e0 la pratique professionnelle et dans le cadre de la massoth\u00e9rapie.\" \/>\n<meta property=\"og:url\" content=\"https:\/\/lessecretsdhygie.com\/index.php\/events\/\" \/>\n<meta property=\"og:site_name\" content=\"Les Secrets d&#039;Hygie\" \/>\n<meta property=\"article:modified_time\" content=\"2022-12-05T21:16:31+00:00\" \/>\n<meta property=\"og:image\" content=\"https:\/\/lessecretsdhygie.com\/wp-content\/uploads\/2023\/04\/cropped-logolarge-1.png\" \/>\n\t<meta property=\"og:image:width\" content=\"250\" \/>\n\t<meta property=\"og:image:height\" content=\"121\" \/>\n\t<meta property=\"og:image:type\" content=\"image\/png\" \/>\n<meta name=\"twitter:card\" content=\"summary_large_image\" \/>\n<meta name=\"twitter:label1\" content=\"Dur\u00e9e de lecture estim\u00e9e\" \/>\n\t<meta name=\"twitter:data1\" content=\"1 minute\" \/>\n<script type=\"application\/ld+json\" class=\"yoast-schema-graph\">{\"@context\":\"https:\\\/\\\/schema.org\",\"@graph\":[{\"@type\":\"WebPage\",\"@id\":\"https:\\\/\\\/lessecretsdhygie.com\\\/index.php\\\/events\\\/\",\"url\":\"https:\\\/\\\/lessecretsdhygie.com\\\/index.php\\\/events\\\/\",\"name\":\"Les secrets d Hygie - Page d'event\",\"isPartOf\":{\"@id\":\"https:\\\/\\\/lessecretsdhygie.com\\\/#website\"},\"datePublished\":\"2020-07-14T10:36:50+00:00\",\"dateModified\":\"2022-12-05T21:16:31+00:00\",\"description\":\"Les secret d'Hygie - Massages Brabant Wallon - Bruxelles - Mes prestations sont exclusivement r\u00e9serv\u00e9es \u00e0 la pratique professionnelle et dans le cadre de la massoth\u00e9rapie.\",\"breadcrumb\":{\"@id\":\"https:\\\/\\\/lessecretsdhygie.com\\\/index.php\\\/events\\\/#breadcrumb\"},\"inLanguage\":\"fr-FR\",\"potentialAction\":[{\"@type\":\"ReadAction\",\"target\":[\"https:\\\/\\\/lessecretsdhygie.com\\\/index.php\\\/events\\\/\"]}]},{\"@type\":\"BreadcrumbList\",\"@id\":\"https:\\\/\\\/lessecretsdhygie.com\\\/index.php\\\/events\\\/#breadcrumb\",\"itemListElement\":[{\"@type\":\"ListItem\",\"position\":1,\"name\":\"Accueil\",\"item\":\"https:\\\/\\\/lessecretsdhygie.com\\\/\"},{\"@type\":\"ListItem\",\"position\":2,\"name\":\"Events\"}]},{\"@type\":\"WebSite\",\"@id\":\"https:\\\/\\\/lessecretsdhygie.com\\\/#website\",\"url\":\"https:\\\/\\\/lessecretsdhygie.com\\\/\",\"name\":\"Les Secrets d'Hygie\",\"description\":\"\",\"publisher\":{\"@id\":\"https:\\\/\\\/lessecretsdhygie.com\\\/#\\\/schema\\\/person\\\/b65c313bf209b86571290a9e8913ca37\"},\"alternateName\":\"Les Secrets d'hygie\",\"potentialAction\":[{\"@type\":\"SearchAction\",\"target\":{\"@type\":\"EntryPoint\",\"urlTemplate\":\"https:\\\/\\\/lessecretsdhygie.com\\\/?s={search_term_string}\"},\"query-input\":{\"@type\":\"PropertyValueSpecification\",\"valueRequired\":true,\"valueName\":\"search_term_string\"}}],\"inLanguage\":\"fr-FR\"},{\"@type\":[\"Person\",\"Organization\"],\"@id\":\"https:\\\/\\\/lessecretsdhygie.com\\\/#\\\/schema\\\/person\\\/b65c313bf209b86571290a9e8913ca37\",\"name\":\"Virginie Sibret\",\"image\":{\"@type\":\"ImageObject\",\"inLanguage\":\"fr-FR\",\"@id\":\"http:\\\/\\\/lessecretsdhygie.com\\\/wp-content\\\/uploads\\\/2023\\\/04\\\/logocircle.png\",\"url\":\"http:\\\/\\\/lessecretsdhygie.com\\\/wp-content\\\/uploads\\\/2023\\\/04\\\/logocircle.png\",\"contentUrl\":\"http:\\\/\\\/lessecretsdhygie.com\\\/wp-content\\\/uploads\\\/2023\\\/04\\\/logocircle.png\",\"width\":805,\"height\":805,\"caption\":\"Virginie Sibret\"},\"logo\":{\"@id\":\"http:\\\/\\\/lessecretsdhygie.com\\\/wp-content\\\/uploads\\\/2023\\\/04\\\/logocircle.png\"},\"sameAs\":[\"http:\\\/\\\/lessecretsdhygie.com\"]}]}<\/script>\n<!-- \/ Yoast SEO plugin. -->","yoast_head_json":{"title":"Les secrets d Hygie - Page d'event","description":"Les secret d'Hygie - Massages Brabant Wallon - Bruxelles - Mes prestations sont exclusivement r\u00e9serv\u00e9es \u00e0 la pratique professionnelle et dans le cadre de la massoth\u00e9rapie.","robots":{"index":"index","follow":"follow","max-snippet":"max-snippet:-1","max-image-preview":"max-image-preview:large","max-video-preview":"max-video-preview:-1"},"canonical":"https:\/\/lessecretsdhygie.com\/index.php\/events\/","og_locale":"fr_FR","og_type":"article","og_title":"Les secrets d Hygie - Page d'event","og_description":"Les secret d'Hygie - Massages Brabant Wallon - Bruxelles - Mes prestations sont exclusivement r\u00e9serv\u00e9es \u00e0 la pratique professionnelle et dans le cadre de la massoth\u00e9rapie.","og_url":"https:\/\/lessecretsdhygie.com\/index.php\/events\/","og_site_name":"Les Secrets d&#039;Hygie","article_modified_time":"2022-12-05T21:16:31+00:00","og_image":[{"width":250,"height":121,"url":"https:\/\/lessecretsdhygie.com\/wp-content\/uploads\/2023\/04\/cropped-logolarge-1.png","type":"image\/png"}],"twitter_card":"summary_large_image","twitter_misc":{"Dur\u00e9e de lecture estim\u00e9e":"1 minute"},"schema":{"@context":"https:\/\/schema.org","@graph":[{"@type":"WebPage","@id":"https:\/\/lessecretsdhygie.com\/index.php\/events\/","url":"https:\/\/lessecretsdhygie.com\/index.php\/events\/","name":"Les secrets d Hygie - Page d'event","isPartOf":{"@id":"https:\/\/lessecretsdhygie.com\/#website"},"datePublished":"2020-07-14T10:36:50+00:00","dateModified":"2022-12-05T21:16:31+00:00","description":"Les secret d'Hygie - Massages Brabant Wallon - Bruxelles - Mes prestations sont exclusivement r\u00e9serv\u00e9es \u00e0 la pratique professionnelle et dans le cadre de la massoth\u00e9rapie.","breadcrumb":{"@id":"https:\/\/lessecretsdhygie.com\/index.php\/events\/#breadcrumb"},"inLanguage":"fr-FR","potentialAction":[{"@type":"ReadAction","target":["https:\/\/lessecretsdhygie.com\/index.php\/events\/"]}]},{"@type":"BreadcrumbList","@id":"https:\/\/lessecretsdhygie.com\/index.php\/events\/#breadcrumb","itemListElement":[{"@type":"ListItem","position":1,"name":"Accueil","item":"https:\/\/lessecretsdhygie.com\/"},{"@type":"ListItem","position":2,"name":"Events"}]},{"@type":"WebSite","@id":"https:\/\/lessecretsdhygie.com\/#website","url":"https:\/\/lessecretsdhygie.com\/","name":"Les Secrets d'Hygie","description":"","publisher":{"@id":"https:\/\/lessecretsdhygie.com\/#\/schema\/person\/b65c313bf209b86571290a9e8913ca37"},"alternateName":"Les Secrets d'hygie","potentialAction":[{"@type":"SearchAction","target":{"@type":"EntryPoint","urlTemplate":"https:\/\/lessecretsdhygie.com\/?s={search_term_string}"},"query-input":{"@type":"PropertyValueSpecification","valueRequired":true,"valueName":"search_term_string"}}],"inLanguage":"fr-FR"},{"@type":["Person","Organization"],"@id":"https:\/\/lessecretsdhygie.com\/#\/schema\/person\/b65c313bf209b86571290a9e8913ca37","name":"Virginie Sibret","image":{"@type":"ImageObject","inLanguage":"fr-FR","@id":"http:\/\/lessecretsdhygie.com\/wp-content\/uploads\/2023\/04\/logocircle.png","url":"http:\/\/lessecretsdhygie.com\/wp-content\/uploads\/2023\/04\/logocircle.png","contentUrl":"http:\/\/lessecretsdhygie.com\/wp-content\/uploads\/2023\/04\/logocircle.png","width":805,"height":805,"caption":"Virginie Sibret"},"logo":{"@id":"http:\/\/lessecretsdhygie.com\/wp-content\/uploads\/2023\/04\/logocircle.png"},"sameAs":["http:\/\/lessecretsdhygie.com"]}]}},"uagb_featured_image_src":{"full":false,"thumbnail":false,"medium":false,"medium_large":false,"large":false,"1536x1536":false,"2048x2048":false},"uagb_author_info":{"display_name":"Virginie Sibret","author_link":"https:\/\/lessecretsdhygie.com\/index.php\/author\/admin6121\/"},"uagb_comment_info":0,"uagb_excerpt":"Profitez de nos Avantages Carte de fid\u00e9lit\u00e9 R\u00e9duction pour les \u00e9tudiants (- 30 ans)&nbsp; Bon Cadeaux","_links":{"self":[{"href":"https:\/\/lessecretsdhygie.com\/index.php\/wp-json\/wp\/v2\/pages\/16","targetHints":{"allow":["GET"]}}],"collection":[{"href":"https:\/\/lessecretsdhygie.com\/index.php\/wp-json\/wp\/v2\/pages"}],"about":[{"href":"https:\/\/lessecretsdhygie.com\/index.php\/wp-json\/wp\/v2\/types\/page"}],"author":[{"embeddable":true,"href":"https:\/\/lessecretsdhygie.com\/index.php\/wp-json\/wp\/v2\/users\/1"}],"replies":[{"embeddable":true,"href":"https:\/\/lessecretsdhygie.com\/index.php\/wp-json\/wp\/v2\/comments?post=16"}],"version-history":[{"count":10,"href":"https:\/\/lessecretsdhygie.com\/index.php\/wp-json\/wp\/v2\/pages\/16\/revisions"}],"predecessor-version":[{"id":617,"href":"https:\/\/lessecretsdhygie.com\/index.php\/wp-json\/wp\/v2\/pages\/16\/revisions\/617"}],"wp:attachment":[{"href":"https:\/\/lessecretsdhygie.com\/index.php\/wp-json\/wp\/v2\/media?parent=16"}],"curies":[{"name":"wp","href":"https:\/\/api.w.org\/{rel}","templated":true}]}}