{"id":668,"date":"2023-01-02T18:49:20","date_gmt":"2023-01-02T17:49:20","guid":{"rendered":"http:\/\/lessecretsdhygie.com\/?page_id=668"},"modified":"2025-01-03T17:38:25","modified_gmt":"2025-01-03T16:38:25","slug":"en-pratique","status":"publish","type":"page","link":"https:\/\/lessecretsdhygie.com\/index.php\/en-pratique\/","title":{"rendered":"Services"},"content":{"rendered":"\t\t<div data-elementor-type=\"wp-page\" data-elementor-id=\"668\" class=\"elementor elementor-668\">\n\t\t\t\t\t\t<section class=\"elementor-section elementor-top-section elementor-element elementor-element-7281a65 elementor-section-height-min-height elementor-section-content-bottom elementor-section-items-bottom elementor-section-boxed elementor-section-height-default\" data-id=\"7281a65\" data-element_type=\"section\" data-settings=\"{&quot;background_background&quot;:&quot;classic&quot;}\">\n\t\t\t\t\t\t\t<div class=\"elementor-background-overlay\"><\/div>\n\t\t\t\t\t\t\t<div class=\"elementor-container elementor-column-gap-no\">\n\t\t\t\t\t<div class=\"elementor-column elementor-col-100 elementor-top-column elementor-element elementor-element-6a439a7\" data-id=\"6a439a7\" data-element_type=\"column\">\n\t\t\t<div class=\"elementor-widget-wrap elementor-element-populated\">\n\t\t\t\t\t\t<div class=\"elementor-element elementor-element-f01bfdd elementor-widget elementor-widget-heading\" data-id=\"f01bfdd\" data-element_type=\"widget\" data-widget_type=\"heading.default\">\n\t\t\t\t\t<h6 class=\"elementor-heading-title elementor-size-default\">Get in touch<\/h6>\t\t\t\t<\/div>\n\t\t\t\t<div class=\"elementor-element elementor-element-8dd1b42 elementor-widget elementor-widget-heading\" data-id=\"8dd1b42\" data-element_type=\"widget\" data-widget_type=\"heading.default\">\n\t\t\t\t\t<h1 class=\"elementor-heading-title elementor-size-default\">Services<\/h1>\t\t\t\t<\/div>\n\t\t\t\t\t<\/div>\n\t\t<\/div>\n\t\t\t\t\t<\/div>\n\t\t<\/section>\n\t\t\t\t<section class=\"elementor-section elementor-top-section elementor-element elementor-element-bb13f82 elementor-section-boxed elementor-section-height-default elementor-section-height-default\" data-id=\"bb13f82\" data-element_type=\"section\" data-settings=\"{&quot;background_background&quot;:&quot;classic&quot;}\">\n\t\t\t\t\t\t\t<div class=\"elementor-background-overlay\"><\/div>\n\t\t\t\t\t\t\t<div class=\"elementor-container elementor-column-gap-no\">\n\t\t\t\t\t<div class=\"elementor-column elementor-col-100 elementor-top-column elementor-element elementor-element-f44bb1f\" data-id=\"f44bb1f\" data-element_type=\"column\" data-settings=\"{&quot;background_background&quot;:&quot;classic&quot;}\">\n\t\t\t<div class=\"elementor-widget-wrap elementor-element-populated\">\n\t\t\t\t\t\t<div class=\"elementor-element elementor-element-e78b361 elementor-widget elementor-widget-heading\" data-id=\"e78b361\" data-element_type=\"widget\" data-widget_type=\"heading.default\">\n\t\t\t\t\t<h5 class=\"elementor-heading-title elementor-size-default\"><main><article><div><div data-elementor-type=\"wp-page\" data-elementor-id=\"25\"><section data-id=\"4fb691c2\" data-element_type=\"section\"><div data-id=\"682d56cb\" data-element_type=\"column\"><div data-id=\"4f0a36ce\" data-element_type=\"widget\" data-widget_type=\"text-editor.default\"><h3><br><span style=\"font-weight: normal\">Massage Relaxation<span style=\"color: var(--ast-global-color-2);font-size: 2.8125rem;font-style: inherit\">&nbsp;<\/span><\/span><\/h3><p><br>Massage revitalisant, v\u00e9ritable parenth\u00e8se de bien \u00eatre du corps et de l\u2019esprit.&nbsp;<\/p><p>Profitez du moment pr\u00e9sent avec ce soin douceur qui apaise les tensions et harmonise les \u00e9nergies.<\/p><h3><br><\/h3><h3><span style=\"font-weight: normal\">Massage Sportif<\/span><\/h3><p>Massage tonique qui insiste sur les zones de tensions. Massage des structures profondes des muscles.<br><\/p><p><br><\/p><br><h3><span style=\"font-weight: normal\">Massage Trigger point<\/span><\/h3><p style=\"font-size: 18px\">Massage sp\u00e9cifique et cibl\u00e9 sur les tensions musculaires du haut du corps (bras\/dos\/ nuque) ou le bas du corps (fessiers\/jambes\/pied)<\/p><br><h3><span style=\"font-weight: normal\">Massage Lat\u00e9ral<\/span><\/h3><p style=\"font-size: 18px\">Le massage en position lat\u00e9rale est optimal pour travailler les zones sensibles tel que l'\u00e9paule. <\/p><p style=\"font-size: 18px\"><span style=\"font-style: inherit;font-weight: inherit\">Ce massage est tr\u00e8s appr\u00e9ci\u00e9 si vous souffrez du dos ou ne pouvez pas rester allong\u00e9 sur le ventre.<\/span><\/p><\/div><\/div><\/div><\/section><\/div><\/div><\/article><\/main><\/h5>\t\t\t\t<\/div>\n\t\t\t\t<div class=\"elementor-element elementor-element-f2ca449 elementor-widget elementor-widget-elementskit-tablepress\" data-id=\"f2ca449\" data-element_type=\"widget\" data-widget_type=\"elementskit-tablepress.default\">\n\t\t\t\t<div class=\"elementor-widget-container\">\n\t\t\t\t\t<div class=\"elemenetskit-tablepress ekit-wid-con\" id=\"ekit_tablepress_f2ca449\">\n<table id=\"tablepress-1\" class=\"tablepress tablepress-id-1\">\n<thead>\n<tr class=\"row-1\">\n\t<th class=\"column-1\">Temps<\/th><th class=\"column-2\">Tarifs*<\/th><th class=\"column-3\">Etudiants &amp; <br \/>\nMembres de clubs partenaires **<\/th>\n<\/tr>\n<\/thead>\n<tbody class=\"row-striping row-hover\">\n<tr class=\"row-2\">\n\t<td class=\"column-1\">30 min<\/td><td class=\"column-2\">40 \u20ac<\/td><td class=\"column-3\">35 \u20ac<\/td>\n<\/tr>\n<tr class=\"row-3\">\n\t<td class=\"column-1\">45 min<\/td><td class=\"column-2\">55 \u20ac<\/td><td class=\"column-3\">50 \u20ac<\/td>\n<\/tr>\n<tr class=\"row-4\">\n\t<td class=\"column-1\">60 min<\/td><td class=\"column-2\">70 \u20ac<\/td><td class=\"column-3\">65 \u20ac<\/td>\n<\/tr>\n<tr class=\"row-5\">\n\t<td class=\"column-1\">90 min<\/td><td class=\"column-2\">100 \u20ac<\/td><td class=\"column-3\">90 \u20ac<\/td>\n<\/tr>\n<\/tbody>\n<\/table>\n<!-- #tablepress-1 from cache --><\/div>\t\t\t\t<\/div>\n\t\t\t\t<\/div>\n\t\t\t\t<div class=\"elementor-element elementor-element-57ed414 elementor-widget elementor-widget-text-editor\" data-id=\"57ed414\" data-element_type=\"widget\" data-widget_type=\"text-editor.default\">\n\t\t\t\t\t\t\t\t\t<p><em>*\u00a0 Prix major\u00e9s selon la distance ou centres partenaires<\/em><br \/><em>** Etudiant ( -30 ans )\u00a0<\/em><\/p>\t\t\t\t\t\t\t\t<\/div>\n\t\t\t\t\t<\/div>\n\t\t<\/div>\n\t\t\t\t\t<\/div>\n\t\t<\/section>\n\t\t\t\t<\/div>\n\t\t","protected":false},"excerpt":{"rendered":"<p>Get in touch Services Massage Relaxation&nbsp; Massage revitalisant, v\u00e9ritable parenth\u00e8se de bien \u00eatre du corps et de l\u2019esprit.&nbsp; Profitez du moment pr\u00e9sent avec ce soin douceur qui apaise les tensions et harmonise les \u00e9nergies. Massage Sportif Massage tonique qui insiste sur les zones de tensions. Massage des structures profondes des muscles. Massage Trigger point Massage [&hellip;]<\/p>\n","protected":false},"author":1,"featured_media":0,"parent":0,"menu_order":0,"comment_status":"closed","ping_status":"closed","template":"","meta":{"_uag_custom_page_level_css":"","site-sidebar-layout":"no-sidebar","site-content-layout":"page-builder","ast-site-content-layout":"","site-content-style":"default","site-sidebar-style":"default","ast-global-header-display":"","ast-banner-title-visibility":"","ast-main-header-display":"","ast-hfb-above-header-display":"","ast-hfb-below-header-display":"","ast-hfb-mobile-header-display":"","site-post-title":"disabled","ast-breadcrumbs-content":"disabled","ast-featured-img":"","footer-sml-layout":"","theme-transparent-header-meta":"enabled","adv-header-id-meta":"","stick-header-meta":"","header-above-stick-meta":"","header-main-stick-meta":"","header-below-stick-meta":"","astra-migrate-meta-layouts":"default","ast-page-background-enabled":"default","ast-page-background-meta":{"desktop":{"background-color":"","background-image":"","background-repeat":"repeat","background-position":"center center","background-size":"auto","background-attachment":"scroll","background-type":"","background-media":"","overlay-type":"","overlay-color":"","overlay-opacity":"","overlay-gradient":""},"tablet":{"background-color":"","background-image":"","background-repeat":"repeat","background-position":"center center","background-size":"auto","background-attachment":"scroll","background-type":"","background-media":"","overlay-type":"","overlay-color":"","overlay-opacity":"","overlay-gradient":""},"mobile":{"background-color":"","background-image":"","background-repeat":"repeat","background-position":"center center","background-size":"auto","background-attachment":"scroll","background-type":"","background-media":"","overlay-type":"","overlay-color":"","overlay-opacity":"","overlay-gradient":""}},"ast-content-background-meta":{"desktop":{"background-color":"var(--ast-global-color-5)","background-image":"","background-repeat":"repeat","background-position":"center center","background-size":"auto","background-attachment":"scroll","background-type":"","background-media":"","overlay-type":"","overlay-color":"","overlay-opacity":"","overlay-gradient":""},"tablet":{"background-color":"var(--ast-global-color-5)","background-image":"","background-repeat":"repeat","background-position":"center center","background-size":"auto","background-attachment":"scroll","background-type":"","background-media":"","overlay-type":"","overlay-color":"","overlay-opacity":"","overlay-gradient":""},"mobile":{"background-color":"var(--ast-global-color-5)","background-image":"","background-repeat":"repeat","background-position":"center center","background-size":"auto","background-attachment":"scroll","background-type":"","background-media":"","overlay-type":"","overlay-color":"","overlay-opacity":"","overlay-gradient":""}},"footnotes":""},"class_list":["post-668","page","type-page","status-publish","hentry"],"yoast_head":"<!-- This site is optimized with the Yoast SEO plugin v27.5 - https:\/\/yoast.com\/product\/yoast-seo-wordpress\/ -->\n<title>Services - Les Secrets d&#039;Hygie<\/title>\n<meta name=\"description\" content=\"Les secret d&#039;Hygie - Massages Brabant Wallon - Bruxelles - Mes prestations sont exclusivement r\u00e9serv\u00e9es \u00e0 la pratique professionnelle et dans le cadre de la massoth\u00e9rapie.\" \/>\n<meta name=\"robots\" content=\"index, follow, max-snippet:-1, max-image-preview:large, max-video-preview:-1\" \/>\n<link rel=\"canonical\" href=\"https:\/\/lessecretsdhygie.com\/index.php\/en-pratique\/\" \/>\n<meta property=\"og:locale\" content=\"fr_FR\" \/>\n<meta property=\"og:type\" content=\"article\" \/>\n<meta property=\"og:title\" content=\"Services - Les Secrets d&#039;Hygie\" \/>\n<meta property=\"og:description\" content=\"Les secret d&#039;Hygie - Massages Brabant Wallon - Bruxelles - Mes prestations sont exclusivement r\u00e9serv\u00e9es \u00e0 la pratique professionnelle et dans le cadre de la massoth\u00e9rapie.\" \/>\n<meta property=\"og:url\" content=\"https:\/\/lessecretsdhygie.com\/index.php\/en-pratique\/\" \/>\n<meta property=\"og:site_name\" content=\"Les Secrets d&#039;Hygie\" \/>\n<meta property=\"article:modified_time\" content=\"2025-01-03T16:38:25+00:00\" \/>\n<meta property=\"og:image\" content=\"https:\/\/lessecretsdhygie.com\/wp-content\/uploads\/2023\/04\/cropped-logolarge-1.png\" \/>\n\t<meta property=\"og:image:width\" content=\"250\" \/>\n\t<meta property=\"og:image:height\" content=\"121\" \/>\n\t<meta property=\"og:image:type\" content=\"image\/png\" \/>\n<meta name=\"twitter:card\" content=\"summary_large_image\" \/>\n<meta name=\"twitter:label1\" content=\"Dur\u00e9e de lecture estim\u00e9e\" \/>\n\t<meta name=\"twitter:data1\" content=\"1 minute\" \/>\n<script type=\"application\/ld+json\" class=\"yoast-schema-graph\">{\"@context\":\"https:\\\/\\\/schema.org\",\"@graph\":[{\"@type\":\"WebPage\",\"@id\":\"https:\\\/\\\/lessecretsdhygie.com\\\/index.php\\\/en-pratique\\\/\",\"url\":\"https:\\\/\\\/lessecretsdhygie.com\\\/index.php\\\/en-pratique\\\/\",\"name\":\"Services - Les Secrets d&#039;Hygie\",\"isPartOf\":{\"@id\":\"https:\\\/\\\/lessecretsdhygie.com\\\/#website\"},\"datePublished\":\"2023-01-02T17:49:20+00:00\",\"dateModified\":\"2025-01-03T16:38:25+00:00\",\"description\":\"Les secret d'Hygie - Massages Brabant Wallon - Bruxelles - Mes prestations sont exclusivement r\u00e9serv\u00e9es \u00e0 la pratique professionnelle et dans le cadre de la massoth\u00e9rapie.\",\"breadcrumb\":{\"@id\":\"https:\\\/\\\/lessecretsdhygie.com\\\/index.php\\\/en-pratique\\\/#breadcrumb\"},\"inLanguage\":\"fr-FR\",\"potentialAction\":[{\"@type\":\"ReadAction\",\"target\":[\"https:\\\/\\\/lessecretsdhygie.com\\\/index.php\\\/en-pratique\\\/\"]}]},{\"@type\":\"BreadcrumbList\",\"@id\":\"https:\\\/\\\/lessecretsdhygie.com\\\/index.php\\\/en-pratique\\\/#breadcrumb\",\"itemListElement\":[{\"@type\":\"ListItem\",\"position\":1,\"name\":\"Accueil\",\"item\":\"https:\\\/\\\/lessecretsdhygie.com\\\/\"},{\"@type\":\"ListItem\",\"position\":2,\"name\":\"Services\"}]},{\"@type\":\"WebSite\",\"@id\":\"https:\\\/\\\/lessecretsdhygie.com\\\/#website\",\"url\":\"https:\\\/\\\/lessecretsdhygie.com\\\/\",\"name\":\"Les Secrets d'Hygie\",\"description\":\"\",\"publisher\":{\"@id\":\"https:\\\/\\\/lessecretsdhygie.com\\\/#\\\/schema\\\/person\\\/b65c313bf209b86571290a9e8913ca37\"},\"alternateName\":\"Les Secrets d'hygie\",\"potentialAction\":[{\"@type\":\"SearchAction\",\"target\":{\"@type\":\"EntryPoint\",\"urlTemplate\":\"https:\\\/\\\/lessecretsdhygie.com\\\/?s={search_term_string}\"},\"query-input\":{\"@type\":\"PropertyValueSpecification\",\"valueRequired\":true,\"valueName\":\"search_term_string\"}}],\"inLanguage\":\"fr-FR\"},{\"@type\":[\"Person\",\"Organization\"],\"@id\":\"https:\\\/\\\/lessecretsdhygie.com\\\/#\\\/schema\\\/person\\\/b65c313bf209b86571290a9e8913ca37\",\"name\":\"Virginie Sibret\",\"image\":{\"@type\":\"ImageObject\",\"inLanguage\":\"fr-FR\",\"@id\":\"http:\\\/\\\/lessecretsdhygie.com\\\/wp-content\\\/uploads\\\/2023\\\/04\\\/logocircle.png\",\"url\":\"http:\\\/\\\/lessecretsdhygie.com\\\/wp-content\\\/uploads\\\/2023\\\/04\\\/logocircle.png\",\"contentUrl\":\"http:\\\/\\\/lessecretsdhygie.com\\\/wp-content\\\/uploads\\\/2023\\\/04\\\/logocircle.png\",\"width\":805,\"height\":805,\"caption\":\"Virginie Sibret\"},\"logo\":{\"@id\":\"http:\\\/\\\/lessecretsdhygie.com\\\/wp-content\\\/uploads\\\/2023\\\/04\\\/logocircle.png\"},\"sameAs\":[\"http:\\\/\\\/lessecretsdhygie.com\"]}]}<\/script>\n<!-- \/ Yoast SEO plugin. -->","yoast_head_json":{"title":"Services - Les Secrets d&#039;Hygie","description":"Les secret d'Hygie - Massages Brabant Wallon - Bruxelles - Mes prestations sont exclusivement r\u00e9serv\u00e9es \u00e0 la pratique professionnelle et dans le cadre de la massoth\u00e9rapie.","robots":{"index":"index","follow":"follow","max-snippet":"max-snippet:-1","max-image-preview":"max-image-preview:large","max-video-preview":"max-video-preview:-1"},"canonical":"https:\/\/lessecretsdhygie.com\/index.php\/en-pratique\/","og_locale":"fr_FR","og_type":"article","og_title":"Services - Les Secrets d&#039;Hygie","og_description":"Les secret d'Hygie - Massages Brabant Wallon - Bruxelles - Mes prestations sont exclusivement r\u00e9serv\u00e9es \u00e0 la pratique professionnelle et dans le cadre de la massoth\u00e9rapie.","og_url":"https:\/\/lessecretsdhygie.com\/index.php\/en-pratique\/","og_site_name":"Les Secrets d&#039;Hygie","article_modified_time":"2025-01-03T16:38:25+00:00","og_image":[{"width":250,"height":121,"url":"https:\/\/lessecretsdhygie.com\/wp-content\/uploads\/2023\/04\/cropped-logolarge-1.png","type":"image\/png"}],"twitter_card":"summary_large_image","twitter_misc":{"Dur\u00e9e de lecture estim\u00e9e":"1 minute"},"schema":{"@context":"https:\/\/schema.org","@graph":[{"@type":"WebPage","@id":"https:\/\/lessecretsdhygie.com\/index.php\/en-pratique\/","url":"https:\/\/lessecretsdhygie.com\/index.php\/en-pratique\/","name":"Services - Les Secrets d&#039;Hygie","isPartOf":{"@id":"https:\/\/lessecretsdhygie.com\/#website"},"datePublished":"2023-01-02T17:49:20+00:00","dateModified":"2025-01-03T16:38:25+00:00","description":"Les secret d'Hygie - Massages Brabant Wallon - Bruxelles - Mes prestations sont exclusivement r\u00e9serv\u00e9es \u00e0 la pratique professionnelle et dans le cadre de la massoth\u00e9rapie.","breadcrumb":{"@id":"https:\/\/lessecretsdhygie.com\/index.php\/en-pratique\/#breadcrumb"},"inLanguage":"fr-FR","potentialAction":[{"@type":"ReadAction","target":["https:\/\/lessecretsdhygie.com\/index.php\/en-pratique\/"]}]},{"@type":"BreadcrumbList","@id":"https:\/\/lessecretsdhygie.com\/index.php\/en-pratique\/#breadcrumb","itemListElement":[{"@type":"ListItem","position":1,"name":"Accueil","item":"https:\/\/lessecretsdhygie.com\/"},{"@type":"ListItem","position":2,"name":"Services"}]},{"@type":"WebSite","@id":"https:\/\/lessecretsdhygie.com\/#website","url":"https:\/\/lessecretsdhygie.com\/","name":"Les Secrets d'Hygie","description":"","publisher":{"@id":"https:\/\/lessecretsdhygie.com\/#\/schema\/person\/b65c313bf209b86571290a9e8913ca37"},"alternateName":"Les Secrets d'hygie","potentialAction":[{"@type":"SearchAction","target":{"@type":"EntryPoint","urlTemplate":"https:\/\/lessecretsdhygie.com\/?s={search_term_string}"},"query-input":{"@type":"PropertyValueSpecification","valueRequired":true,"valueName":"search_term_string"}}],"inLanguage":"fr-FR"},{"@type":["Person","Organization"],"@id":"https:\/\/lessecretsdhygie.com\/#\/schema\/person\/b65c313bf209b86571290a9e8913ca37","name":"Virginie Sibret","image":{"@type":"ImageObject","inLanguage":"fr-FR","@id":"http:\/\/lessecretsdhygie.com\/wp-content\/uploads\/2023\/04\/logocircle.png","url":"http:\/\/lessecretsdhygie.com\/wp-content\/uploads\/2023\/04\/logocircle.png","contentUrl":"http:\/\/lessecretsdhygie.com\/wp-content\/uploads\/2023\/04\/logocircle.png","width":805,"height":805,"caption":"Virginie Sibret"},"logo":{"@id":"http:\/\/lessecretsdhygie.com\/wp-content\/uploads\/2023\/04\/logocircle.png"},"sameAs":["http:\/\/lessecretsdhygie.com"]}]}},"uagb_featured_image_src":{"full":false,"thumbnail":false,"medium":false,"medium_large":false,"large":false,"1536x1536":false,"2048x2048":false},"uagb_author_info":{"display_name":"Virginie Sibret","author_link":"https:\/\/lessecretsdhygie.com\/index.php\/author\/admin6121\/"},"uagb_comment_info":0,"uagb_excerpt":"Get in touch Services Massage Relaxation&nbsp; Massage revitalisant, v\u00e9ritable parenth\u00e8se de bien \u00eatre du corps et de l\u2019esprit.&nbsp; Profitez du moment pr\u00e9sent avec ce soin douceur qui apaise les tensions et harmonise les \u00e9nergies. Massage Sportif Massage tonique qui insiste sur les zones de tensions. Massage des structures profondes des muscles. Massage Trigger point Massage\u2026","_links":{"self":[{"href":"https:\/\/lessecretsdhygie.com\/index.php\/wp-json\/wp\/v2\/pages\/668","targetHints":{"allow":["GET"]}}],"collection":[{"href":"https:\/\/lessecretsdhygie.com\/index.php\/wp-json\/wp\/v2\/pages"}],"about":[{"href":"https:\/\/lessecretsdhygie.com\/index.php\/wp-json\/wp\/v2\/types\/page"}],"author":[{"embeddable":true,"href":"https:\/\/lessecretsdhygie.com\/index.php\/wp-json\/wp\/v2\/users\/1"}],"replies":[{"embeddable":true,"href":"https:\/\/lessecretsdhygie.com\/index.php\/wp-json\/wp\/v2\/comments?post=668"}],"version-history":[{"count":142,"href":"https:\/\/lessecretsdhygie.com\/index.php\/wp-json\/wp\/v2\/pages\/668\/revisions"}],"predecessor-version":[{"id":1551,"href":"https:\/\/lessecretsdhygie.com\/index.php\/wp-json\/wp\/v2\/pages\/668\/revisions\/1551"}],"wp:attachment":[{"href":"https:\/\/lessecretsdhygie.com\/index.php\/wp-json\/wp\/v2\/media?parent=668"}],"curies":[{"name":"wp","href":"https:\/\/api.w.org\/{rel}","templated":true}]}}